{"id":5,"date":"2022-12-28T21:32:02","date_gmt":"2022-12-28T21:32:02","guid":{"rendered":"http:\/\/vape-performance.de\/?page_id=5"},"modified":"2024-02-24T09:06:05","modified_gmt":"2024-02-24T09:06:05","slug":"hello-from-reykjavik","status":"publish","type":"page","link":"https:\/\/vape-performance.de\/?page_id=5","title":{"rendered":"Willkommen bei VAPE PERFORMANCE"},"content":{"rendered":"<div data-colibri-id=\"5-c1\" class=\"style-196 style-local-5-c1 position-relative\">\r\n  <!---->\r\n  <div data-colibri-component=\"section\" data-colibri-id=\"5-c2\" id=\"initial-content\" class=\"h-section h-section-global-spacing d-flex align-items-lg-center align-items-md-center align-items-center style-197 style-local-5-c2 position-relative\">\r\n    <!---->\r\n    <!---->\r\n    <div class=\"h-section-grid-container h-section-boxed-container\">\r\n      <!---->\r\n      <div data-colibri-id=\"5-c3\" class=\"h-row-container gutters-row-lg-2 gutters-row-md-2 gutters-row-0 gutters-row-v-lg-2 gutters-row-v-md-2 gutters-row-v-2 style-198 style-local-5-c3 position-relative\">\r\n        <!---->\r\n        <div class=\"h-row justify-content-lg-center justify-content-md-center justify-content-center align-items-lg-stretch align-items-md-stretch align-items-stretch gutters-col-lg-2 gutters-col-md-2 gutters-col-0 gutters-col-v-lg-2 gutters-col-v-md-2 gutters-col-v-2\">\r\n          <!---->\r\n          <div class=\"h-column h-column-container d-flex h-col-lg-auto h-col-md-auto h-col-auto style-199-outer style-local-5-c4-outer\">\r\n            <div data-colibri-id=\"5-c4\" class=\"d-flex h-flex-basis h-column__inner h-px-lg-2 h-px-md-2 h-px-2 v-inner-lg-2 v-inner-md-2 v-inner-2 style-199 style-local-5-c4 position-relative\">\r\n              <!---->\r\n              <!---->\r\n              <div class=\"w-100 h-y-container h-column__content h-column__v-align flex-basis-100 align-self-lg-start align-self-md-start align-self-start\">\r\n                <!---->\r\n                <div data-colibri-id=\"5-c5\" class=\"style-200 style-local-5-c5 position-relative h-element\">\r\n                  <!---->\r\n                  <div>\r\n                    \r\n                    <h1 class=\"wp-block-heading has-text-align-center\">Du m\u00f6chtest eine Einweg Elektro Zigarette oder ein wiederbef\u00fcllbares Podsystem kaufen? Bei uns bist Du absolut richtig! Wir bieten Dir in unserem gut sortierten Einweg E-Zigaretten Shop&nbsp;sowohl Podsysteme, Einweg E-Zigaretten,\r\n                      Liquid und ausgefallenes Zubeh\u00f6r zu g\u00fcnstigen Preisen an. <\/h1>\r\n                    \r\n\r\n                    \r\n                    <h1 class=\"wp-block-heading has-text-align-center\">Profitiere auch Du von unserer Erfahrung &#8211; wir bieten Dir als Fachh\u00e4ndler einen guten Service und achten stets auf die&nbsp;hohe Qualit\u00e4t&nbsp;unserer Produkte. <\/h1>\r\n                    \r\n\r\n                    \r\n                    <h1 class=\"wp-block-heading has-text-align-center\">Ausserdem findest Du bei uns stets die aktuellsten und neuesten Produkte, die auf dem Markt zu finden sind, da wir immer die neuesten Trends und Entwicklungen verfolgen. <\/h1>\r\n                    \r\n\r\n                    \r\n                    <h1 class=\"wp-block-heading has-text-align-center\">Gerne beraten wir Dich zu unseren Produkten vor Ort in unserem Shop &amp; Showroom oder auch am Telefon, komm vorbei oder ruf uns einfach an! <\/h1>\r\n                    \r\n\r\n                    \r\n                    <h1 class=\"wp-block-heading has-text-align-center\">\u00dcbrigens: Wir verf\u00fcgen \u00fcber eine hygienische TASTEBAR an der Ihr unsere unterschiedlichen Produkte bequem unter Verwendung sogenannter Einweg-Mundst\u00fccke ausprobieren k\u00f6nnt. <\/h1>\r\n                    \r\n                  <\/div>\r\n                <\/div>\r\n              <\/div>\r\n            <\/div>\r\n          <\/div>\r\n        <\/div>\r\n      <\/div>\r\n    <\/div>\r\n  <\/div>\r\n<\/div>","protected":false},"excerpt":{"rendered":"<p>This is a page\/post excerpt text. <a href=\"http:\/\/easycaptures.com\/fs\/uploaded\/1105\/7384447174.jpg\">How to edit excerpt field content?<\/a><\/p>\n<p><a href=\"#\" class=\"button\">Go shopping<\/a><\/p>\n","protected":false},"author":1,"featured_media":0,"parent":0,"menu_order":0,"comment_status":"closed","ping_status":"closed","template":"","meta":{"footnotes":""},"class_list":["post-5","page","type-page","status-publish","hentry"],"_links":{"self":[{"href":"https:\/\/vape-performance.de\/index.php?rest_route=\/wp\/v2\/pages\/5","targetHints":{"allow":["GET"]}}],"collection":[{"href":"https:\/\/vape-performance.de\/index.php?rest_route=\/wp\/v2\/pages"}],"about":[{"href":"https:\/\/vape-performance.de\/index.php?rest_route=\/wp\/v2\/types\/page"}],"author":[{"embeddable":true,"href":"https:\/\/vape-performance.de\/index.php?rest_route=\/wp\/v2\/users\/1"}],"replies":[{"embeddable":true,"href":"https:\/\/vape-performance.de\/index.php?rest_route=%2Fwp%2Fv2%2Fcomments&post=5"}],"version-history":[{"count":10,"href":"https:\/\/vape-performance.de\/index.php?rest_route=\/wp\/v2\/pages\/5\/revisions"}],"predecessor-version":[{"id":208,"href":"https:\/\/vape-performance.de\/index.php?rest_route=\/wp\/v2\/pages\/5\/revisions\/208"}],"wp:attachment":[{"href":"https:\/\/vape-performance.de\/index.php?rest_route=%2Fwp%2Fv2%2Fmedia&parent=5"}],"curies":[{"name":"wp","href":"https:\/\/api.w.org\/{rel}","templated":true}]}}